{"id":220,"date":"2019-09-09T10:49:44","date_gmt":"2019-09-09T10:49:44","guid":{"rendered":"https:\/\/demo2.madrasthemes.com\/front-demos\/main\/?page_id=220"},"modified":"2022-10-18T13:55:37","modified_gmt":"2022-10-18T13:55:37","slug":"sujets-de-recherches","status":"publish","type":"page","link":"https:\/\/citadel.bf\/index.php\/sujets-de-recherches\/","title":{"rendered":"SUJETS DE RECHERCHE"},"content":{"rendered":"\n<div class=\"dzsparallaxer auto-init height-is-based-on-content use-loading mode-scroll ugb-hero-style-v14 bg-white\" data-options=\"{direction: &quot;normal&quot;}\" style=\"border-radius:0;text-align:left\"><div class=\"divimage dzsparallaxer--target\" style=\"height:120%;background-image:url(https:\/\/citadel.bf\/wp-content\/uploads\/2022\/06\/CITADEL-BG-1.png)\"><\/div><div class=\"container space-2 space-lg-0\"><div class=\"row justify-content-lg-between align-items-lg-center\"><div class=\"col-lg-5 mb-7 mb-lg-0\"><h1 class=\"text-white display-4 font-size-md-down-5 font-weight-semi-bold\" style=\"text-align:left\"><span style=\"color:#1a8b43\" class=\"fgb-has-inline-color\">[CITADEL]<\/span><\/h1><p class=\"text-white-70\" style=\"text-align:left\"><span style=\"color:#1a8b43\" class=\"fgb-has-inline-color\">Centre d\u2019Excellence Interdisciplinaire en Intelligence Artificielle pour le D\u00e9veloppement<\/span><\/p><\/div><div class=\"col-lg-6 d-none d-lg-inline-block\"><figure class=\"ie-knowledgebase-community-2\"><img decoding=\"async\" class=\"js-svg-injector\" alt=\"Image\" src=\"https:\/\/citadel.bf\/wp-content\/themes\/front\/assets\/svg\/illustrations\/knowledgebase-community-2.svg\" data-parent=\"#SVGpricingHero\"\/><\/figure><\/div><\/div><\/div><figure class=\"position-absolute right-0 bottom-0 left-0\"><img decoding=\"async\" class=\"js-svg-injector\" alt=\"\" src=\"https:\/\/citadel.bf\/wp-content\/themes\/front\/assets\/svg\/components\/wave-4-bottom.svg\" data-parent=\"#SVGbgShape\"\/><\/figure><\/div>\n\n\n\n<div class=\"wp-block-fgb-container fgb-container-block container bg-white\">\n<div class=\"wp-block-group\"><div class=\"wp-block-group__inner-container is-layout-flow wp-block-group-is-layout-flow\">\n<div class=\"wp-block-columns are-vertically-aligned-center is-layout-flex wp-container-core-columns-is-layout-9d6595d7 wp-block-columns-is-layout-flex\">\n<div class=\"wp-block-column is-vertically-aligned-center is-layout-flow wp-block-column-is-layout-flow\">\n<figure class=\"wp-block-image size-full\"><img data-recalc-dims=\"1\" fetchpriority=\"high\" decoding=\"async\" width=\"842\" height=\"596\" src=\"https:\/\/i0.wp.com\/citadel.bf\/wp-content\/uploads\/2021\/09\/AXE.gif?resize=842%2C596&#038;ssl=1\" alt=\"\" class=\"wp-image-30030\"\/><\/figure>\n<\/div>\n\n\n\n<div class=\"wp-block-column is-vertically-aligned-center is-layout-flow wp-block-column-is-layout-flow\">\n<p>Les axes de recherche strat\u00e9giques servent de cadre de r\u00e9f\u00e9rences concret pour alimenter la recherche th\u00e9orique sur les technologies et m\u00e9thodologies visant \u00e0 garantir une IA s\u00fbre, inclusive, digne de confiance et responsable. La dimension des politiques d\u2019appropriation de l\u2019IA est donc une pr\u00e9occupation majeure dans notre approche interdisciplinaire.<\/p>\n<\/div>\n<\/div>\n<\/div><\/div>\n<\/div>\n\n\n\n<div class=\"section-block default container space-2 space-md-3\"><div class=\"w-lg-50 w-md-80 mx-md-auto text-center mx-md-auto mb-9\"><span class=\"btn btn-pill mb-2 btn-soft-success btn-xs font-weight-normal\">SUJETS DE RECHERCHE<\/span><\/div><div class=\"w-lg-80 mx-auto\">\n<div class=\"wp-block-columns is-layout-flex wp-container-core-columns-is-layout-9d6595d7 wp-block-columns-is-layout-flex\">\n<div class=\"wp-block-column is-layout-flow wp-block-column-is-layout-flow\">\n<div class=\"wp-block-fgb-container fgb-container-block container bg-white\">\n<h2 class=\"has-text-align-center wp-block-heading\"><span class=\"font-weight-semi-bold\">PROJETS DE MEMOIRE<\/span><\/h2>\n\n\n\n<p class=\"has-text-align-center\">FILTRER EN FONCTION DES AXES STRATEGIQUE DE RECHERCHE<\/p>\n<\/div>\n<\/div>\n<\/div>\n\n\n<div align=\"center\">\n    <button type=\"button\" class=\"btn btn-dark btn-sm my-2 mx-2 filter-button\" data-filter=\"all\">all<\/button>\n\t<button type=\"button\" class=\"btn btn-info btn-sm my-2 mx-2 filter-button\" data-filter=\"sbe\">Sant\u00e9 &#038; bien-\u00eatre<\/button>\n\t<button type=\"button\" class=\"btn btn-warning btn-sm my-2 mx-2 filter-button\" data-filter=\"ecc\">\u00c9nergie &#038; changement climatique<\/button>\n\t<button type=\"button\" class=\"btn btn-success btn-sm my-2 mx-2 filter-button\" data-filter=\"lp\">Langues &#038; patrimoine<\/button>\n\t<button type=\"button\" class=\"btn btn-primary btn-sm my-2 mx-2 filter-button\" data-filter=\"ap\">Agriculture &#038; pastoralisme<\/button>\n\t<button type=\"button\" class=\"btn btn-secondary btn-sm my-2 mx-2 filter-button\" data-filter=\"fs\">Fintech &#038; s\u00e9curit\u00e9<\/button>\n\t<button type=\"button\" class=\"btn btn-danger btn-sm my-2 mx-2 filter-button\" data-filter=\"vpe\">Vie priv\u00e9e &#038; explicabilit\u00e9<\/button>\n<\/div>\n<br\/>\n\n<div class=\"row\">\n\n<div class=\"col-md-6 filter sbe\">\n\t\t<div class=\"card border-info mb-3\" style=\"box-shadow: 2px 4px 10px 0 rgba(0, 34, 51, 0.05), 2px 4px 10px 0 rgba(0, 34, 51, 0.05);\">\n<img data-recalc-dims=\"1\" decoding=\"async\" src=\"https:\/\/i0.wp.com\/citadel.bf\/wp-content\/uploads\/2022\/10\/Isac-OUEDRAOGO.jpg?w=980&#038;ssl=1\" class=\"card-img-top\" alt=\"...\">\n\t\t  <div class=\"card-header\">Ou\u00e9draogo Isaac<\/div>\n\t\t  <div class=\"card-body\">\n<p>D\u00e9monstration d\u2019analyse automatique de donn\u00e9es m\u00e9dicales non structur\u00e9e gr\u00e2ce au machine learning<\/p>\n\t\t\t<span class=\"badge badge-info\">Sant\u00e9 &#038; bien-\u00eatre<\/span>\n\t\t\t<p class=\"card-text\">\u2014 Institut Sup\u00e9rieur de G\u00e9nie Electrique du Burkina Faso<small class=\"text-muted font-italic\">(ISGE-BF)<\/small><\/p>\n\t\t  <\/div>\n\t\t<\/div>\n\t<\/div>\n\n<div class=\"col-md-6 filter ecc\">\n\t\t<div class=\"card border-warning mb-3\" style=\"box-shadow: 2px 4px 10px 0 rgba(0, 34, 51, 0.05), 2px 4px 10px 0 rgba(0, 34, 51, 0.05);\">\n<img data-recalc-dims=\"1\" decoding=\"async\" src=\"https:\/\/i0.wp.com\/citadel.bf\/wp-content\/uploads\/2022\/10\/Nignan_leon.jpg?w=980&#038;ssl=1\" class=\"card-img-top\" alt=\"...\">\n\t\t  <div class=\"card-header\">Nignan L\u00e9on Isma\u00ebl<\/div>\n\t\t  <div class=\"card-body\">\n<p>Pr\u00e9vision de la demande en \u00e9nergie pour une meilleure gestion de la fourniture d&#8217;\u00e9lectricit\u00e9<\/p>\n\t\t\t<span class=\"badge badge-warning\">\u00c9nergie et changement climatique<\/span>\n\t\t\t<p class=\"card-text\">\u2014 Institut Sup\u00e9rieur de G\u00e9nie Electrique du Burkina Faso<small class=\"text-muted font-italic\">(ISGE-BF)<\/small><\/p>\n\t\t  <\/div>\n\t\t<\/div>\n\t<\/div>\n\n\t<div class=\"col-md-6 filter ecc\">\n\t\t<div class=\"card border-warning mb-3\" style=\"box-shadow: 2px 4px 10px 0 rgba(0, 34, 51, 0.05), 2px 4px 10px 0 rgba(0, 34, 51, 0.05);\">\n<img data-recalc-dims=\"1\" decoding=\"async\" src=\"https:\/\/i0.wp.com\/citadel.bf\/wp-content\/uploads\/2022\/10\/Simboro_Imelda.jpg?w=980&#038;ssl=1\" class=\"card-img-top\" alt=\"...\">\n\t\t  <div class=\"card-header\">Simboro Imelda Laetitia<\/div>\n\t\t  <div class=\"card-body\">\n<p>D\u00e9tection de la d\u00e9gradation des for\u00eats<\/p>\n\t\t\t<span class=\"badge badge-warning\">\u00c9nergie et changement climatique<\/span>\n\t\t\t<p class=\"card-text\">\u2014 Institut Universitaire de Formations Initiale et Continue<small class=\"text-muted font-italic\"><\/small><\/p>\n\t\t  <\/div>\n\t\t<\/div>\n\t<\/div>\n\n<div class=\"col-md-6 filter vpe\">\n\t\t<div class=\"card border-danger mb-3\" style=\"box-shadow: 2px 4px 10px 0 rgba(0, 34, 51, 0.05), 2px 4px 10px 0 rgba(0, 34, 51, 0.05);\">\n<img data-recalc-dims=\"1\" decoding=\"async\" src=\"https:\/\/i0.wp.com\/citadel.bf\/wp-content\/uploads\/2022\/10\/MOUMOULA-Micheline.jpg?w=980&#038;ssl=1\" class=\"card-img-top\" alt=\"...\">\n\t\t  <div class=\"card-header\">Moumoula Micheline B\u00e9n\u00e9dicte<\/div>\n\t\t  <div class=\"card-body\">\n<p>D\u00e9tection d\u2019anomalies sur les images satellitaires pouvant servir d\u2019indice de campements temporaires de groupes arm\u00e9es.<\/p>\n\t\t\t<span class=\"badge badge-danger\">Vie priv\u00e9e et explicabilit\u00e9<\/span>\n\t\t\t<p class=\"card-text\">\u2014 Institut Sup\u00e9rieur de G\u00e9nie Electrique du Burkina Faso<small class=\"text-muted font-italic\">(ISGE-BF)<\/small><\/p>\n\t\t  <\/div>\n\t\t<\/div>\n\t<\/div>\n\n\t<div class=\"col-md-6 filter vpe\">\n\t\t<div class=\"card border-danger mb-3\" style=\"box-shadow: 2px 4px 10px 0 rgba(0, 34, 51, 0.05), 2px 4px 10px 0 rgba(0, 34, 51, 0.05);\">\n<img data-recalc-dims=\"1\" decoding=\"async\" src=\"https:\/\/i0.wp.com\/citadel.bf\/wp-content\/uploads\/2022\/10\/Djire-Alberick-Euraste.jpg?w=980&#038;ssl=1\" class=\"card-img-top\" alt=\"...\">\n\t\t  <div class=\"card-header\">Djire\u0301 Alb\u00e9rick Euraste<\/div>\n\t\t  <div class=\"card-body\">\n<p>DeepFake vocal : D\u00e9monstration audio avec les voix de personnalit\u00e9s publiques<\/p>\n\t\t\t<span class=\"badge badge-danger\">Vie priv\u00e9e et explicabilit\u00e9<\/span>\n\t\t\t<p class=\"card-text\">\u2014 Institut Sup\u00e9rieur de G\u00e9nie Electrique du Burkina Faso<small class=\"text-muted font-italic\">(ISGE-BF)<\/small><\/p>\n\t\t  <\/div>\n\t\t<\/div>\n\t<\/div>\n\n\n\t<div class=\"col-md-6 filter lp\">\n\t\t<div class=\"card border-info mb-3\" style=\"box-shadow: 2px 4px 10px 0 rgba(0, 34, 51, 0.05), 2px 4px 10px 0 rgba(0, 34, 51, 0.05);\">\n<img data-recalc-dims=\"1\" decoding=\"async\" src=\"https:\/\/i0.wp.com\/citadel.bf\/wp-content\/uploads\/2022\/10\/kabore-abdoul-fataoh.jpg?w=980&#038;ssl=1\" class=\"card-img-top\" alt=\"...\">\n\t\t  <div class=\"card-header\">Kabore\u0301 Addoul Fataoh<\/div>\n\t\t  <div class=\"card-body\">\n<p>Apprentissage Profond pour le r\u00e9sum\u00e9 de documents et la d\u00e9tection de plagiats dans les \u00e9tudes de l&#8217;administration<\/p>\n\t\t\t<span class=\"badge badge-success\">Langues et patrimoine<\/span>\n\t\t\t<p class=\"card-text\">\u2014 Universit\u00e9 Virtuelle du Burkina Faso<small class=\"text-muted font-italic\">(UV-BF)<\/small><\/p>\n\t\t  <\/div>\n\t\t<\/div>\n\t<\/div>\n\n<div class=\"col-md-6 filter lp\">\n\t\t<div class=\"card border-info mb-3\" style=\"box-shadow: 2px 4px 10px 0 rgba(0, 34, 51, 0.05), 2px 4px 10px 0 rgba(0, 34, 51, 0.05);\">\n<img data-recalc-dims=\"1\" decoding=\"async\" src=\"https:\/\/i0.wp.com\/citadel.bf\/wp-content\/uploads\/2022\/10\/OUATTARA_MaimounaOUATTARA_Maimouna.jpg?w=980&#038;ssl=1\" class=\"card-img-top\" alt=\"...\">\n\t\t  <div class=\"card-header\">Ouattara Ma\u00efmouna<\/div>\n\t\t  <div class=\"card-body\">\n<p>Synth\u00e8se vocale pour les langues nationales africaines : Exemple de la langue nationale moor\u00e9 (Burkina Faso)<\/p>\n\t\t\t<span class=\"badge badge-success\">Langues et patrimoine<\/span>\n\t\t\t<p class=\"card-text\">\u2014 Universit\u00e9 Joseph KI-ZERBO<small class=\"text-muted font-italic\">(UJKZ)<\/small><\/p>\n\t\t  <\/div>\n\t\t<\/div>\n\t<\/div>\n\n\t<div class=\"col-md-6 filter ap\">\n\t\t<div class=\"card border-success mb-3\" style=\"box-shadow: 2px 4px 10px 0 rgba(0, 34, 51, 0.05), 2px 4px 10px 0 rgba(0, 34, 51, 0.05);\">\n<img data-recalc-dims=\"1\" decoding=\"async\" src=\"https:\/\/i0.wp.com\/citadel.bf\/wp-content\/uploads\/2022\/10\/KABORE-Franck-Romuald-WendwoagaKABORE-Franck-Romuald-Wendwoaga.jpg?w=980&#038;ssl=1\" class=\"card-img-top\" alt=\"...\">\n\t\t  <div class=\"card-header\">Kabore\u0301 Franck Romuald Wendwoaga<\/div>\n\t\t  <div class=\"card-body\">\n<p>D\u00e9compte Automatique et Syst\u00e9matique des Sites miniers artisanaux au Burkina Faso<\/p>\n\t\t\t<span class=\"badge badge-primary\">Agriculture et pastoralisme<\/span>\n\t\t\t<p class=\"card-text\">\u2014 Institut Sup\u00e9rieur de G\u00e9nie Electrique du Burkina Faso<small class=\"text-muted font-italic\">(ISGE-BF)<\/small><\/p>\n\t\t  <\/div>\n\t\t<\/div>\n\t<\/div>\n\n\t<div class=\"col-md-6 filter fs\">\n\t\t<div class=\"card border-secondary mb-3\" style=\"box-shadow: 2px 4px 10px 0 rgba(0, 34, 51, 0.05), 2px 4px 10px 0 rgba(0, 34, 51, 0.05);\">\n<img data-recalc-dims=\"1\" decoding=\"async\" src=\"https:\/\/i0.wp.com\/citadel.bf\/wp-content\/uploads\/2022\/10\/KIEMDE-Wendsongde-Elisee-Gontran.jpg?w=980&#038;ssl=1\" class=\"card-img-top\" alt=\"...\">\n\t\t  <div class=\"card-header\">Kiemde\u0301 Wendsongde Elis\u00e9e Gontran<\/div>\n\t\t  <div class=\"card-body\">\n<p>Extraction et analyse automatique des Donn\u00e9es de publication march\u00e9s publique<\/p>\n\t\t\t<span class=\"badge badge-secondary\">Fintech et s\u00e9curit\u00e9<\/span>\n\t\t\t<p class=\"card-text\">\u2014 Universit\u00e9 Nazi Boni<small class=\"text-muted font-italic\"><\/small><\/p>\n\t\t  <\/div>\n\t\t<\/div>\n\t<\/div>\n\n\n\t<div class=\"col-md-6 filter lp\">\n\t\t<div class=\"card border-info mb-3\" style=\"box-shadow: 2px 4px 10px 0 rgba(0, 34, 51, 0.05), 2px 4px 10px 0 rgba(0, 34, 51, 0.05);\">\n<img data-recalc-dims=\"1\" decoding=\"async\" src=\"https:\/\/i0.wp.com\/citadel.bf\/wp-content\/uploads\/2022\/10\/Sidbewendin-Angelique-YAMEOGO.jpg?w=980&#038;ssl=1\" class=\"card-img-top\" alt=\"...\">\n\t\t  <div class=\"card-header\">Yame\u0301ogo Sidbewendin Ang\u00e9lique<\/div>\n\t\t  <div class=\"card-body\">\n<p>Cr\u00e9ation d\u2019une base de donn\u00e9es de fake news et cr\u00e9ation d\u2019un mod\u00e8le de d\u00e9tection de fake news \u00e0 partir de l\u2019IA<\/p>\n\t\t\t<span class=\"badge badge-success\">Langues et patrimoine<\/span>\n\t\t\t<p class=\"card-text\">\u2014 Universit\u00e9 Joseph KI-ZERBO <small class=\"text-muted font-italic\">(UJKZ)<\/small><\/p>\n\t\t  <\/div>\n\t\t<\/div>\n\t<\/div>\n\n<div class=\"col-md-6 filter ecc\">\n\t\t<div class=\"card border-warning mb-3\" style=\"box-shadow: 2px 4px 10px 0 rgba(0, 34, 51, 0.05), 2px 4px 10px 0 rgba(0, 34, 51, 0.05);\">\n<img decoding=\"async\" src=\"...\" class=\"card-img-top\" alt=\"...\">\n\t\t  <div class=\"card-header\">Ilboudo Abdoul Fataf<\/div>\n\t\t  <div class=\"card-body\">\n<p><\/p>\n\t\t\t<span class=\"badge badge-warning\">\u00c9nergie et changement climatique<\/span>\n\t\t\t<p class=\"card-text\">\u2014 International Data Science Institute (IDSI) <small class=\"text-muted font-italic\">(INPHB-ENSEA-Polytechnique Paris)<\/small><\/p>\n\t\t  <\/div>\n\t\t<\/div>\n\t<\/div>\n\n<div class=\"col-md-6 filter ecc\">\n\t\t<div class=\"card border-warning mb-3\" style=\"box-shadow: 2px 4px 10px 0 rgba(0, 34, 51, 0.05), 2px 4px 10px 0 rgba(0, 34, 51, 0.05);\">\n<img decoding=\"async\" src=\"...\" class=\"card-img-top\" alt=\"...\">\n\t\t  <div class=\"card-header\">Sanou Fa\u00efssal Micha\u00eflou<\/div>\n\t\t  <div class=\"card-body\">\n<p><\/p>\n\t\t\t<span class=\"badge badge-warning\">\u00c9nergie et changement climatique<\/span>\n\t\t\t<p class=\"card-text\">\u2014 Institut Sup\u00e9rieur des Sciences de la Sant\u00e9<small class=\"text-muted font-italic\">(INSSA)<\/small><\/p>\n\t\t  <\/div>\n\t\t<\/div>\n\t<\/div>\n\n<\/div>\n\n\n<div style=\"height:40px\" aria-hidden=\"true\" class=\"wp-block-spacer\"><\/div>\n<\/div><\/div>\n","protected":false},"excerpt":{"rendered":"","protected":false},"author":2,"featured_media":30125,"parent":0,"menu_order":0,"comment_status":"closed","ping_status":"closed","template":"redux-templates_full_width","meta":{"_mi_skip_tracking":false,"_monsterinsights_sitenote_active":false,"_monsterinsights_sitenote_note":"","_monsterinsights_sitenote_category":0,"_front_options":"{\"hidePageHeader\":true,\"isCustomHeader\":false,\"headerStaticContentID\":5269,\"disableContainer\":true,\"isCustomFooter\":false,\"footerStaticContentID\":7610}","footnotes":""},"class_list":["post-220","page","type-page","status-publish","has-post-thumbnail","hentry"],"aioseo_notices":[],"jetpack-related-posts":[],"_links":{"self":[{"href":"https:\/\/citadel.bf\/index.php\/wp-json\/wp\/v2\/pages\/220","targetHints":{"allow":["GET"]}}],"collection":[{"href":"https:\/\/citadel.bf\/index.php\/wp-json\/wp\/v2\/pages"}],"about":[{"href":"https:\/\/citadel.bf\/index.php\/wp-json\/wp\/v2\/types\/page"}],"author":[{"embeddable":true,"href":"https:\/\/citadel.bf\/index.php\/wp-json\/wp\/v2\/users\/2"}],"replies":[{"embeddable":true,"href":"https:\/\/citadel.bf\/index.php\/wp-json\/wp\/v2\/comments?post=220"}],"version-history":[{"count":39,"href":"https:\/\/citadel.bf\/index.php\/wp-json\/wp\/v2\/pages\/220\/revisions"}],"predecessor-version":[{"id":31360,"href":"https:\/\/citadel.bf\/index.php\/wp-json\/wp\/v2\/pages\/220\/revisions\/31360"}],"wp:featuredmedia":[{"embeddable":true,"href":"https:\/\/citadel.bf\/index.php\/wp-json\/wp\/v2\/media\/30125"}],"wp:attachment":[{"href":"https:\/\/citadel.bf\/index.php\/wp-json\/wp\/v2\/media?parent=220"}],"curies":[{"name":"wp","href":"https:\/\/api.w.org\/{rel}","templated":true}]}}