{"id":30670,"date":"2022-05-03T08:16:35","date_gmt":"2022-05-03T08:16:35","guid":{"rendered":"https:\/\/citadel.bf\/?page_id=30670"},"modified":"2022-07-05T10:54:09","modified_gmt":"2022-07-05T10:54:09","slug":"membres-2","status":"publish","type":"page","link":"https:\/\/citadel.bf\/index.php\/membres-2\/","title":{"rendered":"Membres"},"content":{"rendered":"\n<div id=\"homeSection\" class=\"border-bottom hero-fancybox bg-white\"><div class=\"container text-center space-top-2 space-top-md-4 space-top-lg-3\"><div class=\"w-md-75 mx-md-auto mb-5\"><h1 class=\"text-dark display-4 font-size-md-down-5 font-weight-medium mb-3\"><span class=\"font-weight-semi-bold\"><span style=\"color:#1a8b43\" class=\"fgb-has-inline-color\">MEMBRES <\/span><\/span><\/h1><p class=\"text-secondary lead\">CITADEL :  <span class=\"text-primary\"><strong class=\"u-text-animation u-text-animation--typing\">Centre d\u2019Excellence Interdisciplinaire en Intelligence Artificielle pour le D\u00e9veloppement<span class=\"text-primary\"><strong class=\"u-text-animation u-text-animation--typing\">.<\/strong><\/span> | <\/strong><\/span><br>                                                    <\/p><\/div><div class=\"mb-9 d-flex align-items-center justify-content-center\"><\/div><figure class=\"svg-preloader ie-showcase-mockup-1\" id=\"SVGshowcaseMockup1\"><img decoding=\"async\" class=\"js-svg-injector\" alt=\"Image\" src=\"https:\/\/citadel.bf\/wp-content\/themes\/front\/assets\/svg\/illustrations\/showcase-mockup-1.svg\" data-img-paths=\"[ { &quot;targetId&quot;: &quot;#SVGshowcaseMockup1Img1&quot;, &quot;newPath&quot;: &quot;https:\/\/citadel.bf\/wp-content\/uploads\/2022\/06\/Citadel-min.jpeg&quot; }, \n                                                 { &quot;targetId&quot;: &quot;#SVGshowcaseMockup1Img2&quot;, &quot;newPath&quot;: &quot;https:\/\/citadel.bf\/wp-content\/uploads\/2022\/06\/CITADEL-projet-min.png&quot; } ]\" data-parent=\"#SVGshowcaseMockup1\"\/><\/figure><\/div><\/div>\n\n\n\n<div class=\"team-member-block space-2 space-md-3 container false\"><div class=\"w-md-80 text-center mx-md-auto mb-9 w-lg-50\"><span class=\"btn btn-xs btn-pill mb-2 btn-soft-success\"> EQUIPE INITIALE <\/span><h2 class=\"font-weight-normal\">Des chercheurs \u00e0 l&#8217;\u00e9coute des probl\u00e9matiques locales<\/h2><p>Nos \u00e9quipes de chercheurs vous accompagnent au quotidien<\/p><\/div><div class=\"fgb-team-member mb-5 row\"><div class=\"col-sm-12 col-lg-4\"><div class=\"fgb-team-member__item card p-0 border-0 shadow-none transition-3d-hover\"><div class=\"fgb-team-member__image false ugb-image-upload-placeholder ugb-image-upload-has-image\" role=\"button\" tabindex=\"0\" data-is-placeholder-visible=\"false\"><img data-recalc-dims=\"1\" decoding=\"async\" src=\"https:\/\/i0.wp.com\/citadel.bf\/wp-content\/uploads\/2022\/06\/CITADEL-DrBissyande-min.png?w=980&#038;ssl=1\" class=\"img-fluid w-100 rounded fgb-team-member__image--basic\" alt=\"team-member\"\/><\/div><div class=\"card border-0 shadow-sm mt-n6 mx-3 p-0\" style=\"max-width:none\"><div class=\"card-body text-center p-4\"><h3 class=\"fgb-team-member__name h6 mb-1\"> <strong>Dr. T\u00e9gawend\u00e9 F. BISSYANDE<\/strong> <\/h3><p class=\"fgb-team-member__position font-size-1 mb-0\"> Chercheur principal <\/p><\/div><\/div><\/div><\/div><div class=\"col-sm-12 col-lg-4\"><div class=\"fgb-team-member__item card p-0 border-0 shadow-none transition-3d-hover\"><div class=\"fgb-team-member__image false ugb-image-upload-placeholder ugb-image-upload-has-image\" role=\"button\" tabindex=\"0\" data-is-placeholder-visible=\"false\"><img data-recalc-dims=\"1\" decoding=\"async\" src=\"https:\/\/i0.wp.com\/citadel.bf\/wp-content\/uploads\/2022\/06\/CITADEL-DrSabane-min.png?w=980&#038;ssl=1\" class=\"img-fluid w-100 rounded fgb-team-member__image--basic\" alt=\"team-member\"\/><\/div><div class=\"card border-0 shadow-sm mt-n6 mx-3 p-0\" style=\"max-width:none\"><div class=\"card-body text-center p-4\"><h3 class=\"fgb-team-member__name h6 mb-1\"> <strong>Dr. Aminata ZERBO\/SABANE<\/strong> <\/h3><p class=\"fgb-team-member__position font-size-1 mb-0\"> Adjointe au chercheur principal <\/p><\/div><\/div><\/div><\/div><div class=\"col-sm-12 col-lg-4\"><div class=\"fgb-team-member__item card p-0 border-0 shadow-none transition-3d-hover\"><div class=\"fgb-team-member__image false ugb-image-upload-placeholder ugb-image-upload-has-image\" role=\"button\" tabindex=\"0\" data-is-placeholder-visible=\"false\"><img data-recalc-dims=\"1\" decoding=\"async\" src=\"https:\/\/i0.wp.com\/citadel.bf\/wp-content\/uploads\/2022\/06\/CITADEL-MrTinto-min.png?w=980&#038;ssl=1\" class=\"img-fluid w-100 rounded fgb-team-member__image--basic\" alt=\"team-member\"\/><\/div><div class=\"card border-0 shadow-sm mt-n6 mx-3 p-0\" style=\"max-width:none\"><div class=\"card-body text-center p-4\"><h3 class=\"fgb-team-member__name h6 mb-1\"> Teg-Wende Idriss TINTO <\/h3><p class=\"fgb-team-member__position font-size-1 mb-0\"> Responsable du transfert de technologie <\/p><\/div><\/div><\/div><\/div><\/div><\/div>\n\n\n\n<div class=\"team-member-block space-2 space-md-3 container false\"><div class=\"w-md-80 text-center mx-md-auto mb-9 w-lg-50\"><span class=\"btn btn-xs btn-pill mb-2 btn-soft-success\">Leaders<\/span><h2 class=\"font-weight-normal\">Les leaders et co-leads<\/h2><p>des axes strat\u00e9giques de recherche<\/p><\/div><div class=\"fgb-team-member mb-5 row\"><div class=\"col-sm-12 col-lg-4\"><div class=\"fgb-team-member__item card p-0 border-0 shadow-none transition-3d-hover\"><div class=\"fgb-team-member__image false ugb-image-upload-placeholder ugb-image-upload-has-image\" role=\"button\" tabindex=\"0\" data-is-placeholder-visible=\"false\"><img data-recalc-dims=\"1\" decoding=\"async\" src=\"https:\/\/i0.wp.com\/citadel.bf\/wp-content\/uploads\/2022\/06\/CITADEL-M-min.png?w=980&#038;ssl=1\" class=\"img-fluid w-100 rounded fgb-team-member__image--basic\" alt=\"team-member\"\/><\/div><div class=\"card border-0 shadow-sm mt-n6 mx-3 p-0\" style=\"max-width:none\"><div class=\"card-body text-center p-4\"><h3 class=\"fgb-team-member__name h6 mb-1\">Dr Serge A. Sawadogo<\/h3><p class=\"fgb-team-member__position font-size-1 mb-0\">.<\/p><\/div><\/div><\/div><\/div><div class=\"col-sm-12 col-lg-4\"><div class=\"fgb-team-member__item card p-0 border-0 shadow-none transition-3d-hover\"><div class=\"fgb-team-member__image false ugb-image-upload-placeholder ugb-image-upload-has-image\" role=\"button\" tabindex=\"0\" data-is-placeholder-visible=\"false\"><img data-recalc-dims=\"1\" decoding=\"async\" src=\"https:\/\/i0.wp.com\/citadel.bf\/wp-content\/uploads\/2022\/06\/CITADEL-M-min.png?w=980&#038;ssl=1\" class=\"img-fluid w-100 rounded fgb-team-member__image--basic\" alt=\"team-member\"\/><\/div><div class=\"card border-0 shadow-sm mt-n6 mx-3 p-0\" style=\"max-width:none\"><div class=\"card-body text-center p-4\"><h3 class=\"fgb-team-member__name h6 mb-1\">Pr. Fran\u00e7ois Zougmor\u00e9<\/h3><p class=\"fgb-team-member__position font-size-1 mb-0\">.<\/p><\/div><\/div><\/div><\/div><div class=\"col-sm-12 col-lg-4\"><div class=\"fgb-team-member__item card p-0 border-0 shadow-none transition-3d-hover\"><div class=\"fgb-team-member__image false ugb-image-upload-placeholder ugb-image-upload-has-image\" role=\"button\" tabindex=\"0\" data-is-placeholder-visible=\"false\"><img data-recalc-dims=\"1\" decoding=\"async\" src=\"https:\/\/i0.wp.com\/citadel.bf\/wp-content\/uploads\/2022\/06\/CITADEL-M-min.png?w=980&#038;ssl=1\" class=\"img-fluid w-100 rounded fgb-team-member__image--basic\" alt=\"team-member\"\/><\/div><div class=\"card border-0 shadow-sm mt-n6 mx-3 p-0\" style=\"max-width:none\"><div class=\"card-body text-center p-4\"><h3 class=\"fgb-team-member__name h6 mb-1\">Dr. Tizane Daho<\/h3><p class=\"fgb-team-member__position font-size-1 mb-0\">.<\/p><\/div><\/div><\/div><\/div><div class=\"col-sm-12 col-lg-4\"><div class=\"fgb-team-member__item card p-0 border-0 shadow-none transition-3d-hover\"><div class=\"fgb-team-member__image false ugb-image-upload-placeholder ugb-image-upload-has-image\" role=\"button\" tabindex=\"0\" data-is-placeholder-visible=\"false\"><img data-recalc-dims=\"1\" decoding=\"async\" src=\"https:\/\/i0.wp.com\/citadel.bf\/wp-content\/uploads\/2022\/06\/CITADEL-M-min.png?w=980&#038;ssl=1\" class=\"img-fluid w-100 rounded fgb-team-member__image--basic\" alt=\"team-member\"\/><\/div><div class=\"card border-0 shadow-sm mt-n6 mx-3 p-0\" style=\"max-width:none\"><div class=\"card-body text-center p-4\"><h3 class=\"fgb-team-member__name h6 mb-1\">Dr. Inoussa Traor\u00e9<\/h3><p class=\"fgb-team-member__position font-size-1 mb-0\">.<\/p><\/div><\/div><\/div><\/div><div class=\"col-sm-12 col-lg-4\"><div class=\"fgb-team-member__item card p-0 border-0 shadow-none transition-3d-hover\"><div class=\"fgb-team-member__image false ugb-image-upload-placeholder ugb-image-upload-has-image\" role=\"button\" tabindex=\"0\" data-is-placeholder-visible=\"false\"><img data-recalc-dims=\"1\" decoding=\"async\" src=\"https:\/\/i0.wp.com\/citadel.bf\/wp-content\/uploads\/2022\/06\/CITADEL-M-min.png?w=980&#038;ssl=1\" class=\"img-fluid w-100 rounded fgb-team-member__image--basic\" alt=\"team-member\"\/><\/div><div class=\"card border-0 shadow-sm mt-n6 mx-3 p-0\" style=\"max-width:none\"><div class=\"card-body text-center p-4\"><h3 class=\"fgb-team-member__name h6 mb-1\">Dr. Tiatit\u00e9 Nouf\u00e9<\/h3><p class=\"fgb-team-member__position font-size-1 mb-0\">.<\/p><\/div><\/div><\/div><\/div><div class=\"col-sm-12 col-lg-4\"><div class=\"fgb-team-member__item card p-0 border-0 shadow-none transition-3d-hover\"><div class=\"fgb-team-member__image false ugb-image-upload-placeholder ugb-image-upload-has-image\" role=\"button\" tabindex=\"0\" data-is-placeholder-visible=\"false\"><img data-recalc-dims=\"1\" decoding=\"async\" src=\"https:\/\/i0.wp.com\/citadel.bf\/wp-content\/uploads\/2022\/06\/CITADEL-M-min.png?w=980&#038;ssl=1\" class=\"img-fluid w-100 rounded fgb-team-member__image--basic\" alt=\"team-member\"\/><\/div><div class=\"card border-0 shadow-sm mt-n6 mx-3 p-0\" style=\"max-width:none\"><div class=\"card-body text-center p-4\"><h3 class=\"fgb-team-member__name h6 mb-1\">Dr. Yacouba N. Nacambo<\/h3><p class=\"fgb-team-member__position font-size-1 mb-0\">.<\/p><\/div><\/div><\/div><\/div><\/div><\/div>\n","protected":false},"excerpt":{"rendered":"","protected":false},"author":2,"featured_media":0,"parent":0,"menu_order":0,"comment_status":"closed","ping_status":"closed","template":"redux-templates_full_width","meta":{"_mi_skip_tracking":false,"_monsterinsights_sitenote_active":false,"_monsterinsights_sitenote_note":"","_monsterinsights_sitenote_category":0,"_front_options":"{\"hidePageHeader\":true}","footnotes":""},"class_list":["post-30670","page","type-page","status-publish","hentry"],"aioseo_notices":[],"jetpack-related-posts":[],"_links":{"self":[{"href":"https:\/\/citadel.bf\/index.php\/wp-json\/wp\/v2\/pages\/30670","targetHints":{"allow":["GET"]}}],"collection":[{"href":"https:\/\/citadel.bf\/index.php\/wp-json\/wp\/v2\/pages"}],"about":[{"href":"https:\/\/citadel.bf\/index.php\/wp-json\/wp\/v2\/types\/page"}],"author":[{"embeddable":true,"href":"https:\/\/citadel.bf\/index.php\/wp-json\/wp\/v2\/users\/2"}],"replies":[{"embeddable":true,"href":"https:\/\/citadel.bf\/index.php\/wp-json\/wp\/v2\/comments?post=30670"}],"version-history":[{"count":27,"href":"https:\/\/citadel.bf\/index.php\/wp-json\/wp\/v2\/pages\/30670\/revisions"}],"predecessor-version":[{"id":31530,"href":"https:\/\/citadel.bf\/index.php\/wp-json\/wp\/v2\/pages\/30670\/revisions\/31530"}],"wp:attachment":[{"href":"https:\/\/citadel.bf\/index.php\/wp-json\/wp\/v2\/media?parent=30670"}],"curies":[{"name":"wp","href":"https:\/\/api.w.org\/{rel}","templated":true}]}}