{"id":5109,"date":"2019-09-19T13:01:30","date_gmt":"2019-09-19T13:01:30","guid":{"rendered":"https:\/\/demo2.madrasthemes.com\/front-demos\/main\/?page_id=5109"},"modified":"2023-04-26T17:38:09","modified_gmt":"2023-04-26T17:38:09","slug":"blog-3","status":"publish","type":"page","link":"https:\/\/citadel.bf\/index.php\/blog-3\/","title":{"rendered":"BLOG"},"content":{"rendered":"<div class=\"js-slick-carousel u-slick u-slick--equal-height\" data-fade=\"true\" data-infinite=\"true\" data-autoplay=\"true\" data-speed=\"10000\" data-pagi-classes=\"text-center u-slick__pagination u-slick__pagination--white position-absolute right-0 bottom-0 left-0 mb-4 mb-0\"><div class=\"js-slide gradient-overlay-half-primary-v1 bg-img-hero space-3 min-height-lg-100vh\" style=\"background-image: url(https:\/\/i0.wp.com\/citadel.bf\/wp-content\/uploads\/2025\/06\/indabaX-BF2025.jpeg?fit=980%2C980&amp;ssl=1)\"><div class=\"container d-lg-flex align-items-lg-center\"><article class=\"js-scroll-effect position-relative w-lg-60 text-center mx-lg-auto\" data-scroll-effect=\"smoothFadeToBottom\" data-scroll-effect-speed=\"500\"><div class=\"mb-4\"><h2 class=\"h1 text-white font-weight-semi-bold mb-3\" data-scs-animation-in=\"fadeInUp\">IndabaX Burkina Faso 2025 \u2013 Le rendez-vous de l\u2019intelligence artificielle en Afrique !<\/h2><p class=\"text-white-70 mb-7\" data-scs-animation-in=\"fadeInUp\">\ud83d\ude80 IndabaX Burkina Faso 2025 \u2013 Le rendez-vous de l\u2019intelligence artificielle en Afrique !\ud83d\udcc5 24, 25 et 26 juillet 2025\ud83d\udccd Ouagadougou\ud83c\udfaf Th\u00e8me : Innovation solidaire \u2013 L\u2019IA comme levier de d\u00e9veloppement IndabaX est une initiative du r\u00e9seau Deep Learning Indaba, qui vise \u00e0 d\u00e9mocratiser l\u2019acc\u00e8s \u00e0 l\u2019IA et au Machine&#8230;<\/p><\/div><a class=\"btn text-primary btn-white btn-pill btn-wide transition-3d-hover\" href=https:\/\/citadel.bf\/index.php\/indabax-burkina-faso-2025-le-rendez-vous-de-lintelligence-artificielle-en-afrique\/>Read More<\/a><\/article><\/div><\/div><div class=\"js-slide gradient-overlay-half-primary-v1 bg-img-hero space-3 min-height-lg-100vh\" style=\"background-image: url(https:\/\/i0.wp.com\/citadel.bf\/wp-content\/uploads\/2025\/05\/Fellows-2025-cohort6-Admis.png?fit=595%2C842&amp;ssl=1)\"><div class=\"container d-lg-flex align-items-lg-center\"><article class=\"js-scroll-effect position-relative w-lg-60 text-center mx-lg-auto\" data-scroll-effect=\"smoothFadeToBottom\" data-scroll-effect-speed=\"500\"><div class=\"mb-4\"><h2 class=\"h1 text-white font-weight-semi-bold mb-3\" data-scs-animation-in=\"fadeInUp\">CITADEL FELLOWS COHORTE 6 &#8211; R\u00c9SULTATS OFFICIELS<\/h2><p class=\"text-white-70 mb-7\" data-scs-animation-in=\"fadeInUp\">Le Centre d\u2019Excellence Interdisciplinaire en Intelligence Artificielle pour le D\u00e9veloppement (CITADEL) a le plaisir d\u2019annoncer les \ud835\udfcf\ud835\udfce \ud835\udc25\ud835\udc1a\ud835\udc2e\ud835\udc2b\ud835\udc1e\u0301\ud835\udc1a\ud835\udc2d\ud835\udc2c \ud835\udc2b\ud835\udc1e\ud835\udc2d\ud835\udc1e\ud835\udc27\ud835\udc2e\ud835\udc2c \ud835\udc29\ud835\udc28\ud835\udc2e\ud835\udc2b \ud835\udc22\ud835\udc27\ud835\udc2d\ud835\udc1e\u0301\ud835\udc20\ud835\udc2b\ud835\udc1e\ud835\udc2b \ud835\udc25\ud835\udc1a \ud835\udfd4\ud835\udc1e \ud835\udc1c\ud835\udc28\ud835\udc21\ud835\udc28\ud835\udc2b\ud835\udc2d\ud835\udc1e \ud835\udc1d\ud835\udc2e \ud835\udc29\ud835\udc2b\ud835\udc28\ud835\udc20\ud835\udc2b\ud835\udc1a\ud835\udc26\ud835\udc26\ud835\udc1e \ud835\udc02\ud835\udc08\ud835\udc13\ud835\udc00\ud835\udc03\ud835\udc04\ud835\udc0b \ud835\udc05\ud835\udc04\ud835\udc0b\ud835\udc0b\ud835\udc0e\ud835\udc16\ud835\udc12 !Ces jeunes talents b\u00e9n\u00e9ficieront d\u2019un accompagnement d\u2019excellence dans les domaines strat\u00e9giques de l\u2019IA appliqu\u00e9e. Voici la liste des admis : 1\ufe0f\u20e3 OUEDRAOGO&#8230;<\/p><\/div><a class=\"btn text-primary btn-white btn-pill btn-wide transition-3d-hover\" href=https:\/\/citadel.bf\/index.php\/citadel-fellows-cohorte-6-resultats-officiels\/>Read More<\/a><\/article><\/div><\/div><div class=\"js-slide gradient-overlay-half-primary-v1 bg-img-hero space-3 min-height-lg-100vh\" style=\"background-image: url(https:\/\/i0.wp.com\/citadel.bf\/wp-content\/uploads\/2025\/05\/CITADEL-Talk22.jpg?fit=595%2C842&amp;ssl=1)\"><div class=\"container d-lg-flex align-items-lg-center\"><article class=\"js-scroll-effect position-relative w-lg-60 text-center mx-lg-auto\" data-scroll-effect=\"smoothFadeToBottom\" data-scroll-effect-speed=\"500\"><div class=\"mb-4\"><h2 class=\"h1 text-white font-weight-semi-bold mb-3\" data-scs-animation-in=\"fadeInUp\">CITADEL TALK INVITATION #22 \u2013 On explore, on connecte, on innove !<\/h2><p class=\"text-white-70 mb-7\" data-scs-animation-in=\"fadeInUp\">\ud83d\udcc5 Vendredi \ud835\udfce\ud835\udfd7 \ud835\udc26\ud835\udc1a\ud835\udc22 \ud835\udfd0\ud835\udfce\ud835\udfd0\ud835\udfd3 | \ud835\udfcf\ud835\udfd4\ud835\udc21\ud835\udfce\ud835\udfce GMT\ud83d\udccd \ud835\udfcf\ud835\udfce\ud835\udfce% \ud835\udc1e\ud835\udc27 \ud835\udc25\ud835\udc22\ud835\udc20\ud835\udc27\ud835\udc1e \ud83d\udc68\ud83c\udffe\u200d\ud83d\udd2c Avec Dr. Yaya Etiabi, Expert IA &amp; IoT\ud83c\udf99\ufe0f Mod\u00e9ration : Dr Rodrique Kafando | Enseignant chercheur CITADEL\/UV-BF \ud83c\udf31\ud83d\udce6\ud83d\udc89 Et si on vous disait que l\u2019Intelligence Artificielle et l\u2019Internet des Objets pouvaient transformer l\u2019agriculture, la sant\u00e9 et la logistique&#8230;<\/p><\/div><a class=\"btn text-primary btn-white btn-pill btn-wide transition-3d-hover\" href=https:\/\/citadel.bf\/index.php\/citadel-talk-invitation-22-on-explore-on-connecte-on-innove\/>Read More<\/a><\/article><\/div><\/div><div class=\"js-slide gradient-overlay-half-primary-v1 bg-img-hero space-3 min-height-lg-100vh\" style=\"background-image: url(https:\/\/i0.wp.com\/citadel.bf\/wp-content\/uploads\/2025\/04\/CITADEL-prix-international.jpg?fit=980%2C980&amp;ssl=1)\"><div class=\"container d-lg-flex align-items-lg-center\"><article class=\"js-scroll-effect position-relative w-lg-60 text-center mx-lg-auto\" data-scroll-effect=\"smoothFadeToBottom\" data-scroll-effect-speed=\"500\"><div class=\"mb-4\"><h2 class=\"h1 text-white font-weight-semi-bold mb-3\" data-scs-animation-in=\"fadeInUp\">CITADEL remporte encore un financement comp\u00e9titif international de 1 million de dollars pour la recherche en Intelligence Artificielle au Burkina Faso<\/h2><p class=\"text-white-70 mb-7\" data-scs-animation-in=\"fadeInUp\">&nbsp;\ud835\udc14\ud835\udc27\ud835\udc1e \ud835\udc2b\ud835\udc1e\ud835\udc1c\ud835\udc28\ud835\udc27\ud835\udc27\ud835\udc1a\ud835\udc22\ud835\udc2c\ud835\udc2c\ud835\udc1a\ud835\udc27\ud835\udc1c\ud835\udc1e \ud835\udc22\ud835\udc27\ud835\udc2d\ud835\udc1e\ud835\udc2b\ud835\udc27\ud835\udc1a\ud835\udc2d\ud835\udc22\ud835\udc28\ud835\udc27\ud835\udc1a\ud835\udc25\ud835\udc1e \ud835\udc29\ud835\udc28\ud835\udc2e\ud835\udc2b \ud835\udc02\ud835\udc08\ud835\udc13\ud835\udc00\ud835\udc03\ud835\udc04\ud835\udc0b ! Le Centre d\u2019Excellence Interdisciplinaire en Intelligence Artificielle pour le D\u00e9veloppement (CITADEL) vient de d\u00e9crocher un financement comp\u00e9titif de 1 million de dollars canadiens du Centre de Recherches pour le D\u00e9veloppement International (CRDI). \u200b Cette distinction place le Burkina Faso aux c\u00f4t\u00e9s des leaders africains&#8230;<\/p><\/div><a class=\"btn text-primary btn-white btn-pill btn-wide transition-3d-hover\" href=https:\/\/citadel.bf\/index.php\/citadel-remporte-encore-un-financement-competitif-international-de-1-million-de-dollars-pour-la-recherche-en-intelligence-artificielle-au-burkina-faso\/>Read More<\/a><\/article><\/div><\/div><div class=\"js-slide gradient-overlay-half-primary-v1 bg-img-hero space-3 min-height-lg-100vh\" style=\"background-image: url(https:\/\/i0.wp.com\/citadel.bf\/wp-content\/uploads\/2025\/04\/Fellows-2025-cohort6.jpg?fit=595%2C842&amp;ssl=1)\"><div class=\"container d-lg-flex align-items-lg-center\"><article class=\"js-scroll-effect position-relative w-lg-60 text-center mx-lg-auto\" data-scroll-effect=\"smoothFadeToBottom\" data-scroll-effect-speed=\"500\"><div class=\"mb-4\"><h2 class=\"h1 text-white font-weight-semi-bold mb-3\" data-scs-animation-in=\"fadeInUp\">APPEL \u00c0 CANDIDATURE \u2013 CITADEL FELLOWS COHORTE 6<\/h2><p class=\"text-white-70 mb-7\" data-scs-animation-in=\"fadeInUp\">\ud83c\udf93 \ud835\udc00\ud835\udc29\ud835\udc29\ud835\udc1e\ud835\udc25 \ud835\udc1a\u0300 \ud835\udc1c\ud835\udc1a\ud835\udc27\ud835\udc1d\ud835\udc22\ud835\udc1d\ud835\udc1a\ud835\udc2d\ud835\udc2e\ud835\udc2b\ud835\udc1e \u2013 \ud835\udc02\ud835\udc08\ud835\udc13\ud835\udc00\ud835\udc03\ud835\udc04\ud835\udc0b \ud835\udc05\ud835\udc04\ud835\udc0b\ud835\udc0b\ud835\udc0e\ud835\udc16\ud835\udc12 \ud835\udc02\ud835\udc0e\ud835\udc07\ud835\udc0e\ud835\udc11\ud835\udc13\ud835\udc04 \ud835\udfd4 \ud83d\udca1 Vous \u00eates \u00e9tudiant.e en fin de cycle de Master ou d&#8217;Ing\u00e9nieur au Burkina Faso ou dans un pays d\u2019Afrique francophone ?\ud83e\udde0 Vous avez un fort int\u00e9r\u00eat pour l\u2019Intelligence Artificielle ?\ud83c\udfaf Vous n\u2019avez pas encore effectu\u00e9 votre stage de fin d\u2019\u00e9tudes&#8230;<\/p><\/div><a class=\"btn text-primary btn-white btn-pill btn-wide transition-3d-hover\" href=https:\/\/citadel.bf\/index.php\/appel-a-candidature-citadel-fellows-cohorte-6\/>Read More<\/a><\/article><\/div><\/div><div class=\"js-slide gradient-overlay-half-primary-v1 bg-img-hero space-3 min-height-lg-100vh\" style=\"background-image: url(https:\/\/i0.wp.com\/citadel.bf\/wp-content\/uploads\/2025\/03\/indabax-dl-bf2025-poster.png?fit=980%2C980&amp;ssl=1)\"><div class=\"container d-lg-flex align-items-lg-center\"><article class=\"js-scroll-effect position-relative w-lg-60 text-center mx-lg-auto\" data-scroll-effect=\"smoothFadeToBottom\" data-scroll-effect-speed=\"500\"><div class=\"mb-4\"><h2 class=\"h1 text-white font-weight-semi-bold mb-3\" data-scs-animation-in=\"fadeInUp\">Meilleur Poster IndabaX Burkina 2025<\/h2><p class=\"text-white-70 mb-7\" data-scs-animation-in=\"fadeInUp\">\ud835\udc0c\ud835\udc1e\ud835\udc22\ud835\udc25\ud835\udc25\ud835\udc1e\ud835\udc2e\ud835\udc2b \ud835\udc0f\ud835\udc28\ud835\udc2c\ud835\udc2d\ud835\udc1e\ud835\udc2b \ud835\udc08\ud835\udc27\ud835\udc1d\ud835\udc1a\ud835\udc1b\ud835\udc1a\ud835\udc17 \ud835\udc01\ud835\udc2e\ud835\udc2b\ud835\udc24\ud835\udc22\ud835\udc27\ud835\udc1a \ud835\udfd0\ud835\udfce\ud835\udfd0\ud835\udfd3 \ud83c\udfc6 Vous \u00eates \u00e9tudiant en fin de cycle de Master ou d\u2019ing\u00e9nieur et vous travaillez sur un projet en Intelligence Artificielle ? C\u2019est l\u2019occasion de mettre en avant vos recherches ! \ud83d\udd0d Objectif : \ud835\udc08\ud835\udc1d\ud835\udc1e\ud835\udc27\ud835\udc2d\ud835\udc22\ud835\udc1f\ud835\udc22\ud835\udc1e\ud835\udc2b \ud835\udc25\ud835\udc1e \ud835\udc26\ud835\udc1e\ud835\udc22\ud835\udc25\ud835\udc25\ud835\udc1e\ud835\udc2e\ud835\udc2b \ud835\udc2d\ud835\udc2b\ud835\udc1a\ud835\udc2f\ud835\udc1a\ud835\udc22\ud835\udc25 \ud835\udc2c\ud835\udc1c\ud835\udc22\ud835\udc1e\ud835\udc27\ud835\udc2d\ud835\udc22\ud835\udc1f\ud835\udc22\ud835\udc2a\ud835\udc2e\ud835\udc1e \ud835\udc1e\ud835\udc27 \ud835\udc08\ud835\udc00. \ud83c\udf9f\ufe0f R\u00e9compense : Le&#8230;<\/p><\/div><a class=\"btn text-primary btn-white btn-pill btn-wide transition-3d-hover\" href=https:\/\/citadel.bf\/index.php\/meilleur-poster-indabax-burkina-2025\/>Read More<\/a><\/article><\/div><\/div><\/div>\n\n\n<div style=\"height:153px\" aria-hidden=\"true\" class=\"wp-block-spacer\"><\/div>\n\n\n\n<hr class=\"wp-block-separator has-alpha-channel-opacity is-style-dots\"\/>\n","protected":false},"excerpt":{"rendered":"","protected":false},"author":2,"featured_media":0,"parent":0,"menu_order":0,"comment_status":"closed","ping_status":"closed","template":"template-blog-agency.php","meta":{"_mi_skip_tracking":false,"_monsterinsights_sitenote_active":false,"_monsterinsights_sitenote_note":"","_monsterinsights_sitenote_category":0,"_front_options":"{\"hidePageHeader\":false,\"isCustomHeader\":false,\"headerStaticContentID\":false,\"isCustomFooter\":false,\"footerStaticContentID\":7911}","footnotes":""},"class_list":["post-5109","page","type-page","status-publish","hentry"],"aioseo_notices":[],"jetpack-related-posts":[],"_links":{"self":[{"href":"https:\/\/citadel.bf\/index.php\/wp-json\/wp\/v2\/pages\/5109","targetHints":{"allow":["GET"]}}],"collection":[{"href":"https:\/\/citadel.bf\/index.php\/wp-json\/wp\/v2\/pages"}],"about":[{"href":"https:\/\/citadel.bf\/index.php\/wp-json\/wp\/v2\/types\/page"}],"author":[{"embeddable":true,"href":"https:\/\/citadel.bf\/index.php\/wp-json\/wp\/v2\/users\/2"}],"replies":[{"embeddable":true,"href":"https:\/\/citadel.bf\/index.php\/wp-json\/wp\/v2\/comments?post=5109"}],"version-history":[{"count":8,"href":"https:\/\/citadel.bf\/index.php\/wp-json\/wp\/v2\/pages\/5109\/revisions"}],"predecessor-version":[{"id":31860,"href":"https:\/\/citadel.bf\/index.php\/wp-json\/wp\/v2\/pages\/5109\/revisions\/31860"}],"wp:attachment":[{"href":"https:\/\/citadel.bf\/index.php\/wp-json\/wp\/v2\/media?parent=5109"}],"curies":[{"name":"wp","href":"https:\/\/api.w.org\/{rel}","templated":true}]}}